{"id":3372,"date":"2022-02-02T11:16:25","date_gmt":"2022-02-02T10:16:25","guid":{"rendered":"https:\/\/neotech.pl\/maszyny\/?page_id=3372"},"modified":"2025-12-19T12:07:25","modified_gmt":"2025-12-19T11:07:25","slug":"praca-konstruktor-automatyk","status":"publish","type":"page","link":"https:\/\/neotech.pl\/maszyny\/praca\/praca-konstruktor-automatyk\/","title":{"rendered":"Praca \/ Konstruktor automatyk"},"content":{"rendered":"\t\t<div data-elementor-type=\"wp-page\" data-elementor-id=\"3372\" class=\"elementor elementor-3372\">\n\t\t\t\t\t\t<section class=\"elementor-section elementor-top-section elementor-element elementor-element-5b9960d elementor-section-boxed elementor-section-height-default elementor-section-height-default\" data-id=\"5b9960d\" data-element_type=\"section\" data-e-type=\"section\">\n\t\t\t\t\t\t<div class=\"elementor-container elementor-column-gap-default\">\n\t\t\t\t\t<div class=\"elementor-column elementor-col-33 elementor-top-column elementor-element elementor-element-4f0fc40\" data-id=\"4f0fc40\" data-element_type=\"column\" data-e-type=\"column\">\n\t\t\t<div class=\"elementor-widget-wrap elementor-element-populated\">\n\t\t\t\t\t\t<div class=\"elementor-element elementor-element-e71a47b elementor-widget elementor-widget-heading\" data-id=\"e71a47b\" data-element_type=\"widget\" data-e-type=\"widget\" data-widget_type=\"heading.default\">\n\t\t\t\t<div class=\"elementor-widget-container\">\n\t\t\t\t\t<h3 class=\"elementor-heading-title elementor-size-default\">Firma NEOTECH Sp. z o.o. w Bia\u0142ymstoku\n\nzatrudni in\u017cyniera (elektronika, automatyka, informatyka) na stanowisko<\/h3>\t\t\t\t<\/div>\n\t\t\t\t<\/div>\n\t\t\t\t<div class=\"elementor-element elementor-element-5309945 elementor-widget elementor-widget-heading\" data-id=\"5309945\" data-element_type=\"widget\" data-e-type=\"widget\" data-widget_type=\"heading.default\">\n\t\t\t\t<div class=\"elementor-widget-container\">\n\t\t\t\t\t<h2 class=\"elementor-heading-title elementor-size-default\">KONSTRUKTOR AUTOMATYK<\/h2>\t\t\t\t<\/div>\n\t\t\t\t<\/div>\n\t\t\t\t<div class=\"elementor-element elementor-element-01cf65b elementor-widget elementor-widget-heading\" data-id=\"01cf65b\" data-element_type=\"widget\" data-e-type=\"widget\" data-widget_type=\"heading.default\">\n\t\t\t\t<div class=\"elementor-widget-container\">\n\t\t\t\t\t<h2 class=\"elementor-heading-title elementor-size-default\"># PRACA W NEOTECH<\/h2>\t\t\t\t<\/div>\n\t\t\t\t<\/div>\n\t\t\t\t\t<\/div>\n\t\t<\/div>\n\t\t\t\t<div class=\"elementor-column elementor-col-66 elementor-top-column elementor-element elementor-element-28ec565\" data-id=\"28ec565\" data-element_type=\"column\" data-e-type=\"column\">\n\t\t\t<div class=\"elementor-widget-wrap elementor-element-populated\">\n\t\t\t\t\t\t<div class=\"elementor-element elementor-element-4573308 elementor-widget elementor-widget-image\" data-id=\"4573308\" data-element_type=\"widget\" data-e-type=\"widget\" data-widget_type=\"image.default\">\n\t\t\t\t<div class=\"elementor-widget-container\">\n\t\t\t\t\t\t\t\t\t\t\t\t\t\t\t<img decoding=\"async\" src=\"https:\/\/neotech.pl\/maszyny\/wp-content\/uploads\/elementor\/thumbs\/Nawijarka-z-robotem-SCARA-Yamaha-qvlepo5wr4bd7jzqq2ruqabqvanz5cxylq0qnppsc8.jpg\" title=\"Nawijarka z robotem SCARA Yamaha\" alt=\"Jednowrzecionowy automat do nawijania wyposa\u017cony w magazyn materia\u0142\u00f3w i wyrob\u00f3w. Maszyna zintegrowana z robotem SCARA marki Yamaha | Praca - konstruktor automatyk\" loading=\"lazy\" \/>\t\t\t\t\t\t\t\t\t\t\t\t\t\t\t<\/div>\n\t\t\t\t<\/div>\n\t\t\t\t\t<\/div>\n\t\t<\/div>\n\t\t\t\t\t<\/div>\n\t\t<\/section>\n\t\t\t\t<section class=\"elementor-section elementor-top-section elementor-element elementor-element-471f55d elementor-section-boxed elementor-section-height-default elementor-section-height-default\" data-id=\"471f55d\" data-element_type=\"section\" data-e-type=\"section\">\n\t\t\t\t\t\t<div class=\"elementor-container elementor-column-gap-default\">\n\t\t\t\t\t<div class=\"elementor-column elementor-col-100 elementor-top-column elementor-element elementor-element-6b32b22\" data-id=\"6b32b22\" data-element_type=\"column\" data-e-type=\"column\">\n\t\t\t<div class=\"elementor-widget-wrap elementor-element-populated\">\n\t\t\t\t\t\t<div class=\"elementor-element elementor-element-a4f9e38 elementor-widget elementor-widget-toggle\" data-id=\"a4f9e38\" data-element_type=\"widget\" data-e-type=\"widget\" data-settings=\"{&quot;_animation&quot;:&quot;none&quot;}\" data-widget_type=\"toggle.default\">\n\t\t\t\t<div class=\"elementor-widget-container\">\n\t\t\t\t\t\t\t<div class=\"elementor-toggle\">\n\t\t\t\t\t\t\t<div class=\"elementor-toggle-item\">\n\t\t\t\t\t<h3 id=\"elementor-tab-title-1721\" class=\"elementor-tab-title\" data-tab=\"1\" role=\"button\" aria-controls=\"elementor-tab-content-1721\" aria-expanded=\"false\">\n\t\t\t\t\t\t\t\t\t\t\t\t<span class=\"elementor-toggle-icon elementor-toggle-icon-left\" aria-hidden=\"true\">\n\t\t\t\t\t\t\t\t\t\t\t\t\t\t\t<span class=\"elementor-toggle-icon-closed\"><i class=\"fas fa-caret-right\"><\/i><\/span>\n\t\t\t\t\t\t\t\t<span class=\"elementor-toggle-icon-opened\"><i class=\"elementor-toggle-icon-opened fas fa-caret-up\"><\/i><\/span>\n\t\t\t\t\t\t\t\t\t\t\t\t\t<\/span>\n\t\t\t\t\t\t\t\t\t\t\t\t<a class=\"elementor-toggle-title\" tabindex=\"0\">Wymagania<\/a>\n\t\t\t\t\t<\/h3>\n\n\t\t\t\t\t<div id=\"elementor-tab-content-1721\" class=\"elementor-tab-content elementor-clearfix\" data-tab=\"1\" role=\"region\" aria-labelledby=\"elementor-tab-title-1721\"><ul><li style=\"text-align: left;\">Wykszta\u0142cenie wy\u017csze techniczne (preferowane kierunki zwi\u0105zane z automatyk\u0105, robotyk\u0105, elektronik\u0105).<\/li><li style=\"text-align: left;\">Do\u015bwiadczenie w zakresie konstruowania maszyn z elementami mechaniki, elektroniki, informatyki, automatyki i robotyki.<\/li><li style=\"text-align: left;\">Znajomo\u015b\u0107 lub ch\u0119\u0107 nauczenia si\u0119 programowania sterownik\u00f3w PLC \/ HMI \/ ROBOT\u00d3W \/ SYSTEM\u00d3W WIZYJNYCH<\/li><li style=\"text-align: left;\">Umiej\u0119tno\u015b\u0107 tworzenia dokumentacji technicznej, instrukcji.<\/li><li style=\"text-align: left;\">Zdolno\u015b\u0107 analitycznego my\u015blenia i umiej\u0119tno\u015b\u0107 rozwi\u0105zywania problem\u00f3w technicznych.<\/li><li style=\"text-align: left;\">Dobra organizacja pracy, samodzielno\u015b\u0107.<\/li><li style=\"text-align: left;\">Do\u015bwiadczenie w pracach warsztatowych.<\/li><\/ul><\/div>\n\t\t\t\t<\/div>\n\t\t\t\t\t\t\t<div class=\"elementor-toggle-item\">\n\t\t\t\t\t<h3 id=\"elementor-tab-title-1722\" class=\"elementor-tab-title\" data-tab=\"2\" role=\"button\" aria-controls=\"elementor-tab-content-1722\" aria-expanded=\"false\">\n\t\t\t\t\t\t\t\t\t\t\t\t<span class=\"elementor-toggle-icon elementor-toggle-icon-left\" aria-hidden=\"true\">\n\t\t\t\t\t\t\t\t\t\t\t\t\t\t\t<span class=\"elementor-toggle-icon-closed\"><i class=\"fas fa-caret-right\"><\/i><\/span>\n\t\t\t\t\t\t\t\t<span class=\"elementor-toggle-icon-opened\"><i class=\"elementor-toggle-icon-opened fas fa-caret-up\"><\/i><\/span>\n\t\t\t\t\t\t\t\t\t\t\t\t\t<\/span>\n\t\t\t\t\t\t\t\t\t\t\t\t<a class=\"elementor-toggle-title\" tabindex=\"0\">Obowi\u0105zki<\/a>\n\t\t\t\t\t<\/h3>\n\n\t\t\t\t\t<div id=\"elementor-tab-content-1722\" class=\"elementor-tab-content elementor-clearfix\" data-tab=\"2\" role=\"region\" aria-labelledby=\"elementor-tab-title-1722\"><ul><li>Tworzenie oprogramowania do nowych i modernizowanych maszyn.<\/li><li>Tworzenie dokumentacji elektrycznej maszyn (schematy, instrukcje, analizy itp.).<\/li><li>Wsp\u00f3\u0142praca z in\u017cynierami elektronikami, mechanikami i technologami w zakresie tworzenia koncepcji i projektowania maszyn.<\/li><li>Wspomaganie w pracach monta\u017cowych i w procesie uruchamiania maszyn.<\/li><li>Nadz\u00f3r podczas budowy i uruchamiania nowych maszyn.<\/li><\/ul><\/div>\n\t\t\t\t<\/div>\n\t\t\t\t\t\t\t<div class=\"elementor-toggle-item\">\n\t\t\t\t\t<h3 id=\"elementor-tab-title-1723\" class=\"elementor-tab-title\" data-tab=\"3\" role=\"button\" aria-controls=\"elementor-tab-content-1723\" aria-expanded=\"false\">\n\t\t\t\t\t\t\t\t\t\t\t\t<span class=\"elementor-toggle-icon elementor-toggle-icon-left\" aria-hidden=\"true\">\n\t\t\t\t\t\t\t\t\t\t\t\t\t\t\t<span class=\"elementor-toggle-icon-closed\"><i class=\"fas fa-caret-right\"><\/i><\/span>\n\t\t\t\t\t\t\t\t<span class=\"elementor-toggle-icon-opened\"><i class=\"elementor-toggle-icon-opened fas fa-caret-up\"><\/i><\/span>\n\t\t\t\t\t\t\t\t\t\t\t\t\t<\/span>\n\t\t\t\t\t\t\t\t\t\t\t\t<a class=\"elementor-toggle-title\" tabindex=\"0\">Oferujemy<\/a>\n\t\t\t\t\t<\/h3>\n\n\t\t\t\t\t<div id=\"elementor-tab-content-1723\" class=\"elementor-tab-content elementor-clearfix\" data-tab=\"3\" role=\"region\" aria-labelledby=\"elementor-tab-title-1723\"><ul><li>Zatrudnienie na umow\u0119 o prac\u0119.<\/li><li>Mo\u017cliwo\u015b\u0107 zdobywania do\u015bwiadczenia przez udzia\u0142 w ciekawych i pe\u0142nych wyzwa\u0144 projektach in\u017cynierskich.<\/li><li>Mo\u017cliwo\u015b\u0107 podnoszenia kwalifikacji.<\/li><li>Prac\u0119 w grupie do\u015bwiadczonych konstruktor\u00f3w mechanik\u00f3w i automatyk\u00f3w.<\/li><li>Wynagrodzenie adekwatne do posiadanych kompetencji i do\u015bwiadczenia.<\/li><\/ul><\/div>\n\t\t\t\t<\/div>\n\t\t\t\t\t\t\t\t<\/div>\n\t\t\t\t\t\t<\/div>\n\t\t\t\t<\/div>\n\t\t\t\t\t<\/div>\n\t\t<\/div>\n\t\t\t\t\t<\/div>\n\t\t<\/section>\n\t\t\t\t<section class=\"elementor-section elementor-top-section elementor-element elementor-element-befc5da elementor-section-boxed elementor-section-height-default elementor-section-height-default\" data-id=\"befc5da\" data-element_type=\"section\" data-e-type=\"section\">\n\t\t\t\t\t\t<div class=\"elementor-container elementor-column-gap-default\">\n\t\t\t\t\t<div class=\"elementor-column elementor-col-100 elementor-top-column elementor-element elementor-element-f3cb051\" data-id=\"f3cb051\" data-element_type=\"column\" data-e-type=\"column\">\n\t\t\t<div class=\"elementor-widget-wrap elementor-element-populated\">\n\t\t\t\t\t\t<div class=\"elementor-element elementor-element-e2cd31f elementor-widget elementor-widget-text-editor\" data-id=\"e2cd31f\" data-element_type=\"widget\" data-e-type=\"widget\" data-widget_type=\"text-editor.default\">\n\t\t\t\t<div class=\"elementor-widget-container\">\n\t\t\t\t\t\t\t\t\t<p style=\"text-align: center;\">CV prosimy przesy\u0142a\u0107 na adres:<\/p>\t\t\t\t\t\t\t\t<\/div>\n\t\t\t\t<\/div>\n\t\t\t\t<div class=\"elementor-element elementor-element-fabf8ac elementor-align-center e-transform animated-fast elementor-invisible elementor-widget elementor-widget-button\" data-id=\"fabf8ac\" data-element_type=\"widget\" data-e-type=\"widget\" data-settings=\"{&quot;_transform_scale_effect_hover&quot;:{&quot;unit&quot;:&quot;px&quot;,&quot;size&quot;:1.1,&quot;sizes&quot;:[]},&quot;_animation&quot;:&quot;bounce&quot;,&quot;_animation_delay&quot;:100,&quot;_transform_scale_effect_hover_tablet&quot;:{&quot;unit&quot;:&quot;px&quot;,&quot;size&quot;:&quot;&quot;,&quot;sizes&quot;:[]},&quot;_transform_scale_effect_hover_mobile&quot;:{&quot;unit&quot;:&quot;px&quot;,&quot;size&quot;:&quot;&quot;,&quot;sizes&quot;:[]}}\" data-widget_type=\"button.default\">\n\t\t\t\t<div class=\"elementor-widget-container\">\n\t\t\t\t\t\t\t\t\t<div class=\"elementor-button-wrapper\">\n\t\t\t\t\t<a class=\"elementor-button elementor-button-link elementor-size-sm\" href=\"mailto:rekrutacja@neotech.pl\">\n\t\t\t\t\t\t<span class=\"elementor-button-content-wrapper\">\n\t\t\t\t\t\t<span class=\"elementor-button-icon\">\n\t\t\t\t<i aria-hidden=\"true\" class=\"far fa-id-card\"><\/i>\t\t\t<\/span>\n\t\t\t\t\t\t\t\t\t<span class=\"elementor-button-text\">rekrutacja@neotech.pl<\/span>\n\t\t\t\t\t<\/span>\n\t\t\t\t\t<\/a>\n\t\t\t\t<\/div>\n\t\t\t\t\t\t\t\t<\/div>\n\t\t\t\t<\/div>\n\t\t\t\t<div class=\"elementor-element elementor-element-03007ab elementor-widget elementor-widget-text-editor\" data-id=\"03007ab\" data-element_type=\"widget\" data-e-type=\"widget\" data-widget_type=\"text-editor.default\">\n\t\t\t\t<div class=\"elementor-widget-container\">\n\t\t\t\t\t\t\t\t\t<p style=\"text-align: center;\"><span style=\"color: var( --e-global-color-text ); font-family: var( --e-global-typography-text-font-family ), Sans-serif; font-weight: var( --e-global-typography-text-font-weight );\">Informujemy, \u017ce skontaktujemy si\u0119 tylko z wybranymi kandydatami.<\/span><\/p>\t\t\t\t\t\t\t\t<\/div>\n\t\t\t\t<\/div>\n\t\t\t\t\t<\/div>\n\t\t<\/div>\n\t\t\t\t\t<\/div>\n\t\t<\/section>\n\t\t\t\t<section class=\"elementor-section elementor-top-section elementor-element elementor-element-aed95c2 elementor-section-boxed elementor-section-height-default elementor-section-height-default\" data-id=\"aed95c2\" data-element_type=\"section\" data-e-type=\"section\">\n\t\t\t\t\t\t<div class=\"elementor-container elementor-column-gap-default\">\n\t\t\t\t\t<div class=\"elementor-column elementor-col-100 elementor-top-column elementor-element elementor-element-3ce13c1\" data-id=\"3ce13c1\" data-element_type=\"column\" data-e-type=\"column\">\n\t\t\t<div class=\"elementor-widget-wrap elementor-element-populated\">\n\t\t\t\t\t\t<div class=\"elementor-element elementor-element-bca6805 elementor-widget elementor-widget-text-editor\" data-id=\"bca6805\" data-element_type=\"widget\" data-e-type=\"widget\" data-widget_type=\"text-editor.default\">\n\t\t\t\t<div class=\"elementor-widget-container\">\n\t\t\t\t\t\t\t\t\t<p>Zainteresowane osoby prosimy o przes\u0142anie CV i listu motywacyjnego wraz z klauzul\u0105:<br \/>\u201eWyra\u017cam zgod\u0119 na przetwarzanie moich danych osobowych, zawartych w ofercie pracy, dla potrzeb niezb\u0119dnych do realizacji procesu rekrutacji, zgodnie z ustaw\u0105 z dn. 29.08.97r. o Ochronie Danych Osobowych Dz.U. nr 133 poz. 883\u201d.<\/p>\t\t\t\t\t\t\t\t<\/div>\n\t\t\t\t<\/div>\n\t\t\t\t\t<\/div>\n\t\t<\/div>\n\t\t\t\t\t<\/div>\n\t\t<\/section>\n\t\t\t\t<section class=\"elementor-section elementor-top-section elementor-element elementor-element-c0228fd elementor-section-boxed elementor-section-height-default elementor-section-height-default\" data-id=\"c0228fd\" data-element_type=\"section\" data-e-type=\"section\">\n\t\t\t\t\t\t<div class=\"elementor-container elementor-column-gap-default\">\n\t\t\t\t\t<div class=\"elementor-column elementor-col-100 elementor-top-column elementor-element elementor-element-f39adcc\" data-id=\"f39adcc\" data-element_type=\"column\" data-e-type=\"column\">\n\t\t\t<div class=\"elementor-widget-wrap elementor-element-populated\">\n\t\t\t\t\t\t<div class=\"elementor-element elementor-element-59e9693 elementor-widget elementor-widget-wpzoom-social-icons-widget-cpt\" data-id=\"59e9693\" data-element_type=\"widget\" data-e-type=\"widget\" data-widget_type=\"wpzoom-social-icons-widget-cpt.default\">\n\t\t\t\t<div class=\"elementor-widget-container\">\n\t\t\t\t\t<div class=\"wpzoom-social-icons-post-shortcode\"><section class=\"zoom-social-icons-shortcode\">\n\t\t\n<ul class=\"zoom-social-icons-list zoom-social-icons-list--with-canvas zoom-social-icons-list--round zoom-social-icons-list--align-center zoom-social-icons-list--no-labels\">\n\n\t\t\n\t\t\t\t<li class=\"zoom-social_icons-list__item\">\n\t\t<a class=\"zoom-social_icons-list__link\" href=\"http:\/\/pl.linkedin.com\/company\/neotech-spzoo\" target=\"_blank\" title=\"NEOTECH on LinkedIn\" rel=\"nofollow\">\n\t\t\t\t\t\t\t\t\t\n\t\t\t\t\t\t<span class=\"screen-reader-text\">linkedin<\/span>\n\t\t\t\n\t\t\t\t\t\t<span class=\"zoom-social_icons-list-span social-icon socicon socicon-linkedin\" data-hover-rule=\"background-color\" data-hover-color=\"#0077B5\" style=\"background-color : #0077B5; font-size: 18px; padding:8px\" ><\/span>\n\t\t\t\n\t\t\t\t\t<\/a>\n\t<\/li>\n\n\t\n\t\t\t\t<li class=\"zoom-social_icons-list__item\">\n\t\t<a class=\"zoom-social_icons-list__link\" href=\"http:\/\/facebook.com\/neotechspzoo\" target=\"_blank\" title=\"NEOTECH on Facebook\" rel=\"nofollow\">\n\t\t\t\t\t\t\t\t\t\n\t\t\t\t\t\t<span class=\"screen-reader-text\">facebook<\/span>\n\t\t\t\n\t\t\t\t\t\t<span class=\"zoom-social_icons-list-span social-icon socicon socicon-facebook\" data-hover-rule=\"background-color\" data-hover-color=\"#0866FF\" style=\"background-color : #0866FF; font-size: 18px; padding:8px\" ><\/span>\n\t\t\t\n\t\t\t\t\t<\/a>\n\t<\/li>\n\n\t\n\t\t\t\t<li class=\"zoom-social_icons-list__item\">\n\t\t<a class=\"zoom-social_icons-list__link\" href=\"https:\/\/www.instagram.com\/neotech.spzoo\/\" target=\"_blank\" title=\"NEOTECH on Instagram\" rel=\"nofollow\">\n\t\t\t\t\t\t\t\t\t\n\t\t\t\t\t\t<span class=\"screen-reader-text\">instagram<\/span>\n\t\t\t\n\t\t\t\t\t\t<span class=\"zoom-social_icons-list-span social-icon socicon socicon-instagram\" data-hover-rule=\"background-color\" data-hover-color=\"#e4405f\" style=\"background-color : #e4405f; font-size: 18px; padding:8px\" ><\/span>\n\t\t\t\n\t\t\t\t\t<\/a>\n\t<\/li>\n\n\t\n\t\t\t\t<li class=\"zoom-social_icons-list__item\">\n\t\t<a class=\"zoom-social_icons-list__link\" href=\"https:\/\/x.com\/NEOTECH_sp_zoo\" target=\"_blank\" title=\"NEOTECH on X (Twitter)\" rel=\"nofollow\">\n\t\t\t\t\t\t\t\t\t\n\t\t\t\t\t\t<span class=\"screen-reader-text\">x<\/span>\n\t\t\t\n\t\t\t\t\t\t<span class=\"zoom-social_icons-list-span social-icon socicon socicon-x\" data-hover-rule=\"background-color\" data-hover-color=\"#000\" style=\"background-color : #000; font-size: 18px; padding:8px\" ><\/span>\n\t\t\t\n\t\t\t\t\t<\/a>\n\t<\/li>\n\n\t\n\t\t\t\t<li class=\"zoom-social_icons-list__item\">\n\t\t<a class=\"zoom-social_icons-list__link\" href=\"https:\/\/www.youtube.com\/@NEOTECH_sp_zoo\" target=\"_blank\" title=\"NEOTECH on YouTube\" rel=\"nofollow\">\n\t\t\t\t\t\t\t\t\t\n\t\t\t\t\t\t<span class=\"screen-reader-text\">youtube<\/span>\n\t\t\t\n\t\t\t\t\t\t<span class=\"zoom-social_icons-list-span social-icon socicon socicon-youtube\" data-hover-rule=\"background-color\" data-hover-color=\"#e02a20\" style=\"background-color : #e02a20; font-size: 18px; padding:8px\" ><\/span>\n\t\t\t\n\t\t\t\t\t<\/a>\n\t<\/li>\n\n\t\n<\/ul>\n\n\t\t<\/section><\/div>\t\t\t\t<\/div>\n\t\t\t\t<\/div>\n\t\t\t\t\t<\/div>\n\t\t<\/div>\n\t\t\t\t\t<\/div>\n\t\t<\/section>\n\t\t\t\t<\/div>\n\t\t","protected":false},"excerpt":{"rendered":"<p>Firma NEOTECH Sp. z o.o. w Bia\u0142ymstoku zatrudni in\u017cyniera (elektronika, automatyka, informatyka) na stanowisko KONSTRUKTOR AUTOMATYK # PRACA W NEOTECH Wymagania Wykszta\u0142cenie wy\u017csze techniczne (preferowane kierunki zwi\u0105zane z automatyk\u0105, robotyk\u0105, elektronik\u0105). Do\u015bwiadczenie w zakresie konstruowania maszyn z elementami mechaniki, elektroniki, informatyki, automatyki i robotyki. Znajomo\u015b\u0107 lub ch\u0119\u0107 nauczenia si\u0119 programowania [\u2026] <\/p>\n<div class=\"clear\"><\/div>\n<p><a class=\"more_link clearfix\" href=\"https:\/\/neotech.pl\/maszyny\/praca\/praca-konstruktor-automatyk\/\" rel=\"nofollow\">Read More<\/a><\/p>\n","protected":false},"author":2,"featured_media":0,"parent":218,"menu_order":0,"comment_status":"closed","ping_status":"closed","template":"","meta":{"om_disable_all_campaigns":false,"_monsterinsights_skip_tracking":false,"_monsterinsights_sitenote_active":false,"_monsterinsights_sitenote_note":"","_monsterinsights_sitenote_category":0,"footnotes":""},"class_list":["post-3372","page","type-page","status-publish","hentry"],"aioseo_notices":[],"_links":{"self":[{"href":"https:\/\/neotech.pl\/maszyny\/wp-json\/wp\/v2\/pages\/3372","targetHints":{"allow":["GET"]}}],"collection":[{"href":"https:\/\/neotech.pl\/maszyny\/wp-json\/wp\/v2\/pages"}],"about":[{"href":"https:\/\/neotech.pl\/maszyny\/wp-json\/wp\/v2\/types\/page"}],"author":[{"embeddable":true,"href":"https:\/\/neotech.pl\/maszyny\/wp-json\/wp\/v2\/users\/2"}],"replies":[{"embeddable":true,"href":"https:\/\/neotech.pl\/maszyny\/wp-json\/wp\/v2\/comments?post=3372"}],"version-history":[{"count":64,"href":"https:\/\/neotech.pl\/maszyny\/wp-json\/wp\/v2\/pages\/3372\/revisions"}],"predecessor-version":[{"id":9594,"href":"https:\/\/neotech.pl\/maszyny\/wp-json\/wp\/v2\/pages\/3372\/revisions\/9594"}],"up":[{"embeddable":true,"href":"https:\/\/neotech.pl\/maszyny\/wp-json\/wp\/v2\/pages\/218"}],"wp:attachment":[{"href":"https:\/\/neotech.pl\/maszyny\/wp-json\/wp\/v2\/media?parent=3372"}],"curies":[{"name":"wp","href":"https:\/\/api.w.org\/{rel}","templated":true}]}}